{"id":30,"date":"2024-09-20T11:50:15","date_gmt":"2024-09-20T11:50:15","guid":{"rendered":"https:\/\/carpinteriaartetxe.rkinformatika.online\/?page_id=30"},"modified":"2025-02-27T15:25:05","modified_gmt":"2025-02-27T15:25:05","slug":"servicios","status":"publish","type":"page","link":"https:\/\/eguzkiloreaseguruak.com\/eu\/servicios\/","title":{"rendered":"Zerbitzuak"},"content":{"rendered":"<div data-elementor-type=\"wp-page\" data-elementor-id=\"30\" class=\"elementor elementor-30\" data-elementor-post-type=\"page\">\n\t\t\t\t<div class=\"elementor-element elementor-element-7f054e8 e-con-full e-flex e-con e-parent\" data-id=\"7f054e8\" data-element_type=\"container\" data-e-type=\"container\" data-settings=\"{&quot;background_background&quot;:&quot;classic&quot;}\">\n\t\t\t\t<div class=\"elementor-element elementor-element-5be0831 elementor-widget elementor-widget-heading\" data-id=\"5be0831\" data-element_type=\"widget\" data-e-type=\"widget\" data-widget_type=\"heading.default\">\n\t\t\t\t<div class=\"elementor-widget-container\">\n\t\t\t\t\t<h2 class=\"elementor-heading-title elementor-size-default\">Zerbitzuak<\/h2>\t\t\t\t<\/div>\n\t\t\t\t<\/div>\n\t\t\t\t<\/div>\n\t\t<div class=\"elementor-element elementor-element-c39c19c e-flex e-con-boxed e-con e-parent\" data-id=\"c39c19c\" data-element_type=\"container\" data-e-type=\"container\" data-settings=\"{&quot;background_background&quot;:&quot;classic&quot;}\">\n\t\t\t\t\t<div class=\"e-con-inner\">\n\t\t\t\t<div class=\"elementor-element elementor-element-1945f05 elementor-widget elementor-widget-heading\" data-id=\"1945f05\" data-element_type=\"widget\" data-e-type=\"widget\" data-widget_type=\"heading.default\">\n\t\t\t\t<div class=\"elementor-widget-container\">\n\t\t\t\t\t<h2 class=\"elementor-heading-title elementor-size-default\">Encuentra la cobertura ideal para ti.<\/h2>\t\t\t\t<\/div>\n\t\t\t\t<\/div>\n\t\t\t\t\t<\/div>\n\t\t\t\t<\/div>\n\t\t<div class=\"elementor-element elementor-element-6dc6431 e-flex e-con-boxed e-con e-parent\" data-id=\"6dc6431\" data-element_type=\"container\" data-e-type=\"container\">\n\t\t\t\t\t<div class=\"e-con-inner\">\n\t\t<div class=\"elementor-element elementor-element-4e9475b e-con-full e-flex e-con e-child\" data-id=\"4e9475b\" data-element_type=\"container\" data-e-type=\"container\">\n\t\t\t\t<div class=\"elementor-element elementor-element-cb088dd elementor-widget elementor-widget-heading\" data-id=\"cb088dd\" data-element_type=\"widget\" data-e-type=\"widget\" data-widget_type=\"heading.default\">\n\t\t\t\t<div class=\"elementor-widget-container\">\n\t\t\t\t\t<h2 class=\"elementor-heading-title elementor-size-default\">Seguros Patrimoniales<\/h2>\t\t\t\t<\/div>\n\t\t\t\t<\/div>\n\t\t\t\t<div class=\"elementor-element elementor-element-9f46343 elementor-widget elementor-widget-text-editor\" data-id=\"9f46343\" data-element_type=\"widget\" data-e-type=\"widget\" data-widget_type=\"text-editor.default\">\n\t\t\t\t<div class=\"elementor-widget-container\">\n\t\t\t\t\t\t\t\t\t<p data-start=\"447\" data-end=\"557\">Protege tus bienes m\u00e1s valiosos con coberturas dise\u00f1adas para tu tranquilidad.<\/p><ul data-start=\"558\" data-end=\"897\"><li data-start=\"558\" data-end=\"638\"><strong data-start=\"560\" data-end=\"580\">Seguro de Hogar:<\/strong> Protecci\u00f3n ante robos, incendios, da\u00f1os por agua y m\u00e1s.<\/li><li data-start=\"639\" data-end=\"720\"><strong data-start=\"641\" data-end=\"665\">Seguro de Veh\u00edculos:<\/strong> Cobertura para coches, motos y flotas empresariales.<\/li><li data-start=\"721\" data-end=\"798\"><strong data-start=\"723\" data-end=\"757\">Seguro de Comercio y Empresas:<\/strong> Resguarda tu negocio ante imprevistos.<\/li><li data-start=\"799\" data-end=\"897\"><strong data-start=\"801\" data-end=\"837\">Seguro de Responsabilidad Civil:<\/strong> Para profesionales y empresas, evita riesgos financieros.<\/li><\/ul>\t\t\t\t\t\t\t\t<\/div>\n\t\t\t\t<\/div>\n\t\t\t\t<\/div>\n\t\t<div class=\"elementor-element elementor-element-6299c86 e-con-full e-flex e-con e-child\" data-id=\"6299c86\" data-element_type=\"container\" data-e-type=\"container\">\n\t\t\t\t<div class=\"elementor-element elementor-element-5028855 elementor-widget elementor-widget-heading\" data-id=\"5028855\" data-element_type=\"widget\" data-e-type=\"widget\" data-widget_type=\"heading.default\">\n\t\t\t\t<div class=\"elementor-widget-container\">\n\t\t\t\t\t<h2 class=\"elementor-heading-title elementor-size-default\">Seguros Personales<\/h2>\t\t\t\t<\/div>\n\t\t\t\t<\/div>\n\t\t\t\t<div class=\"elementor-element elementor-element-3839461 elementor-widget elementor-widget-text-editor\" data-id=\"3839461\" data-element_type=\"widget\" data-e-type=\"widget\" data-widget_type=\"text-editor.default\">\n\t\t\t\t<div class=\"elementor-widget-container\">\n\t\t\t\t\t\t\t\t\t<p data-start=\"899\" data-end=\"999\">Asegura tu bienestar y el de tu familia con coberturas de salud y vida.<\/p><ul data-start=\"1000\" data-end=\"1248\"><li data-start=\"1000\" data-end=\"1095\"><strong data-start=\"1002\" data-end=\"1034\">Seguro de Vida y Accidentes:<\/strong> Protecci\u00f3n para ti y los tuyos en cualquier circunstancia.<\/li><li data-start=\"1096\" data-end=\"1163\"><strong data-start=\"1098\" data-end=\"1118\">Seguro de Salud:<\/strong> Acceso a la mejor atenci\u00f3n m\u00e9dica privada.<\/li><li data-start=\"1164\" data-end=\"1248\"><strong data-start=\"1166\" data-end=\"1192\">Seguro de Dependencia:<\/strong> Garantiza asistencia en caso de p\u00e9rdida de autonom\u00eda.<\/li><\/ul>\t\t\t\t\t\t\t\t<\/div>\n\t\t\t\t<\/div>\n\t\t\t\t<\/div>\n\t\t<div class=\"elementor-element elementor-element-618fd81 e-con-full e-flex e-con e-child\" data-id=\"618fd81\" data-element_type=\"container\" data-e-type=\"container\">\n\t\t\t\t<div class=\"elementor-element elementor-element-82b045b elementor-widget elementor-widget-heading\" data-id=\"82b045b\" data-element_type=\"widget\" data-e-type=\"widget\" data-widget_type=\"heading.default\">\n\t\t\t\t<div class=\"elementor-widget-container\">\n\t\t\t\t\t<h2 class=\"elementor-heading-title elementor-size-default\">Seguros de Inversi\u00f3n y Ahorro<\/h2>\t\t\t\t<\/div>\n\t\t\t\t<\/div>\n\t\t\t\t<div class=\"elementor-element elementor-element-ec093a1 elementor-widget elementor-widget-text-editor\" data-id=\"ec093a1\" data-element_type=\"widget\" data-e-type=\"widget\" data-widget_type=\"text-editor.default\">\n\t\t\t\t<div class=\"elementor-widget-container\">\n\t\t\t\t\t\t\t\t\t<p data-start=\"1250\" data-end=\"1359\">Planifica tu futuro con soluciones financieras adaptadas a tus metas.<\/p><ul data-start=\"1360\" data-end=\"1535\"><li data-start=\"1360\" data-end=\"1449\"><strong data-start=\"1362\" data-end=\"1386\">Planes de Pensiones:<\/strong> Complementa tu jubilaci\u00f3n con opciones de inversi\u00f3n seguras.<\/li><li data-start=\"1450\" data-end=\"1535\"><strong data-start=\"1452\" data-end=\"1486\">Seguros de Ahorro e Inversi\u00f3n:<\/strong> Rentabiliza tu dinero con productos flexibles.<\/li><\/ul>\t\t\t\t\t\t\t\t<\/div>\n\t\t\t\t<\/div>\n\t\t\t\t<\/div>\n\t\t\t\t\t<\/div>\n\t\t\t\t<\/div>\n\t\t<div class=\"elementor-element elementor-element-fae8fdf e-flex e-con-boxed e-con e-parent\" data-id=\"fae8fdf\" data-element_type=\"container\" data-e-type=\"container\">\n\t\t\t\t\t<div class=\"e-con-inner\">\n\t\t<div class=\"elementor-element elementor-element-2096ca6 e-con-full e-flex e-con e-child\" data-id=\"2096ca6\" data-element_type=\"container\" data-e-type=\"container\">\n\t\t\t\t<div class=\"elementor-element elementor-element-6951d36 elementor-align-center elementor-widget elementor-widget-button\" data-id=\"6951d36\" data-element_type=\"widget\" data-e-type=\"widget\" data-widget_type=\"button.default\">\n\t\t\t\t<div class=\"elementor-widget-container\">\n\t\t\t\t\t\t\t\t\t<div class=\"elementor-button-wrapper\">\n\t\t\t\t\t<a class=\"elementor-button elementor-button-link elementor-size-sm\" href=\"https:\/\/eguzkiloreaseguruak.com\/eu\/contacto\/\">\n\t\t\t\t\t\t<span class=\"elementor-button-content-wrapper\">\n\t\t\t\t\t\t\t\t\t<span class=\"elementor-button-text\">Cont\u00e1ctenos<\/span>\n\t\t\t\t\t<\/span>\n\t\t\t\t\t<\/a>\n\t\t\t\t<\/div>\n\t\t\t\t\t\t\t\t<\/div>\n\t\t\t\t<\/div>\n\t\t\t\t<\/div>\n\t\t<div class=\"elementor-element elementor-element-e458335 e-con-full e-flex e-con e-child\" data-id=\"e458335\" data-element_type=\"container\" data-e-type=\"container\">\n\t\t\t\t<div class=\"elementor-element elementor-element-5b8087a elementor-widget elementor-widget-heading\" data-id=\"5b8087a\" data-element_type=\"widget\" data-e-type=\"widget\" data-widget_type=\"heading.default\">\n\t\t\t\t<div class=\"elementor-widget-container\">\n\t\t\t\t\t<h2 class=\"elementor-heading-title elementor-size-default\">Cont\u00e1ctanos hoy mismo y descubre la tranquilidad de estar bien asegurado.<\/h2>\t\t\t\t<\/div>\n\t\t\t\t<\/div>\n\t\t\t\t<\/div>\n\t\t\t\t\t<\/div>\n\t\t\t\t<\/div>\n\t\t\t\t<\/div>","protected":false},"excerpt":{"rendered":"<p>Servicios Encuentra la cobertura ideal para ti. Seguros Patrimoniales Protege tus bienes m\u00e1s valiosos con coberturas dise\u00f1adas para tu tranquilidad. Seguro de Hogar: Protecci\u00f3n ante robos, incendios, da\u00f1os por agua y m\u00e1s. Seguro de Veh\u00edculos: Cobertura para coches, motos y flotas empresariales. Seguro de Comercio y Empresas: Resguarda tu negocio ante imprevistos. Seguro de Responsabilidad [&hellip;]<\/p>\n","protected":false},"author":4,"featured_media":0,"parent":0,"menu_order":0,"comment_status":"closed","ping_status":"closed","template":"","meta":{"footnotes":""},"class_list":["post-30","page","type-page","status-publish","hentry"],"yoast_head":"<!-- This site is optimized with the Yoast SEO plugin v27.5 - https:\/\/yoast.com\/product\/yoast-seo-wordpress\/ -->\n<title>Servicios - Eguzkilore Aseguruak<\/title>\n<meta name=\"robots\" content=\"index, follow, max-snippet:-1, max-image-preview:large, max-video-preview:-1\" \/>\n<link rel=\"canonical\" href=\"https:\/\/eguzkiloreaseguruak.com\/eu\/servicios\/\" \/>\n<meta property=\"og:locale\" content=\"en_US\" \/>\n<meta property=\"og:type\" content=\"article\" \/>\n<meta property=\"og:title\" content=\"Servicios - Eguzkilore Aseguruak\" \/>\n<meta property=\"og:description\" content=\"Servicios Encuentra la cobertura ideal para ti. Seguros Patrimoniales Protege tus bienes m\u00e1s valiosos con coberturas dise\u00f1adas para tu tranquilidad. Seguro de Hogar: Protecci\u00f3n ante robos, incendios, da\u00f1os por agua y m\u00e1s. Seguro de Veh\u00edculos: Cobertura para coches, motos y flotas empresariales. Seguro de Comercio y Empresas: Resguarda tu negocio ante imprevistos. Seguro de Responsabilidad [&hellip;]\" \/>\n<meta property=\"og:url\" content=\"https:\/\/eguzkiloreaseguruak.com\/eu\/servicios\/\" \/>\n<meta property=\"og:site_name\" content=\"Eguzkilore Aseguruak\" \/>\n<meta property=\"article:modified_time\" content=\"2025-02-27T15:25:05+00:00\" \/>\n<meta name=\"twitter:card\" content=\"summary_large_image\" \/>\n<meta name=\"twitter:label1\" content=\"Est. reading time\" \/>\n\t<meta name=\"twitter:data1\" content=\"1 minutua\" \/>\n<script type=\"application\/ld+json\" class=\"yoast-schema-graph\">{\"@context\":\"https:\\\/\\\/schema.org\",\"@graph\":[{\"@type\":\"WebPage\",\"@id\":\"https:\\\/\\\/eguzkiloreaseguruak.com\\\/servicios\\\/\",\"url\":\"https:\\\/\\\/eguzkiloreaseguruak.com\\\/servicios\\\/\",\"name\":\"Servicios - Eguzkilore Aseguruak\",\"isPartOf\":{\"@id\":\"https:\\\/\\\/eguzkiloreaseguruak.com\\\/#website\"},\"datePublished\":\"2024-09-20T11:50:15+00:00\",\"dateModified\":\"2025-02-27T15:25:05+00:00\",\"breadcrumb\":{\"@id\":\"https:\\\/\\\/eguzkiloreaseguruak.com\\\/servicios\\\/#breadcrumb\"},\"inLanguage\":\"eu\",\"potentialAction\":[{\"@type\":\"ReadAction\",\"target\":[\"https:\\\/\\\/eguzkiloreaseguruak.com\\\/servicios\\\/\"]}]},{\"@type\":\"BreadcrumbList\",\"@id\":\"https:\\\/\\\/eguzkiloreaseguruak.com\\\/servicios\\\/#breadcrumb\",\"itemListElement\":[{\"@type\":\"ListItem\",\"position\":1,\"name\":\"Portada\",\"item\":\"https:\\\/\\\/eguzkiloreaseguruak.com\\\/\"},{\"@type\":\"ListItem\",\"position\":2,\"name\":\"Servicios\"}]},{\"@type\":\"WebSite\",\"@id\":\"https:\\\/\\\/eguzkiloreaseguruak.com\\\/#website\",\"url\":\"https:\\\/\\\/eguzkiloreaseguruak.com\\\/\",\"name\":\"Eguzkilore Aseguruak\",\"description\":\"Seguros patrimoniales, personales y de inversi\u00f3n.\",\"publisher\":{\"@id\":\"https:\\\/\\\/eguzkiloreaseguruak.com\\\/#organization\"},\"potentialAction\":[{\"@type\":\"SearchAction\",\"target\":{\"@type\":\"EntryPoint\",\"urlTemplate\":\"https:\\\/\\\/eguzkiloreaseguruak.com\\\/?s={search_term_string}\"},\"query-input\":{\"@type\":\"PropertyValueSpecification\",\"valueRequired\":true,\"valueName\":\"search_term_string\"}}],\"inLanguage\":\"eu\"},{\"@type\":\"Organization\",\"@id\":\"https:\\\/\\\/eguzkiloreaseguruak.com\\\/#organization\",\"name\":\"Eguzkilore Aseguruak\",\"url\":\"https:\\\/\\\/eguzkiloreaseguruak.com\\\/\",\"logo\":{\"@type\":\"ImageObject\",\"inLanguage\":\"eu\",\"@id\":\"https:\\\/\\\/eguzkiloreaseguruak.com\\\/#\\\/schema\\\/logo\\\/image\\\/\",\"url\":\"https:\\\/\\\/eguzkiloreaseguruak.com\\\/wp-content\\\/uploads\\\/2025\\\/02\\\/cropped-01_mgs_com_lgo1_2t_pos.png\",\"contentUrl\":\"https:\\\/\\\/eguzkiloreaseguruak.com\\\/wp-content\\\/uploads\\\/2025\\\/02\\\/cropped-01_mgs_com_lgo1_2t_pos.png\",\"width\":425,\"height\":177,\"caption\":\"Eguzkilore Aseguruak\"},\"image\":{\"@id\":\"https:\\\/\\\/eguzkiloreaseguruak.com\\\/#\\\/schema\\\/logo\\\/image\\\/\"}}]}<\/script>\n<!-- \/ Yoast SEO plugin. -->","yoast_head_json":{"title":"Servicios - Eguzkilore Aseguruak","robots":{"index":"index","follow":"follow","max-snippet":"max-snippet:-1","max-image-preview":"max-image-preview:large","max-video-preview":"max-video-preview:-1"},"canonical":"https:\/\/eguzkiloreaseguruak.com\/eu\/servicios\/","og_locale":"en_US","og_type":"article","og_title":"Servicios - Eguzkilore Aseguruak","og_description":"Servicios Encuentra la cobertura ideal para ti. Seguros Patrimoniales Protege tus bienes m\u00e1s valiosos con coberturas dise\u00f1adas para tu tranquilidad. Seguro de Hogar: Protecci\u00f3n ante robos, incendios, da\u00f1os por agua y m\u00e1s. Seguro de Veh\u00edculos: Cobertura para coches, motos y flotas empresariales. Seguro de Comercio y Empresas: Resguarda tu negocio ante imprevistos. Seguro de Responsabilidad [&hellip;]","og_url":"https:\/\/eguzkiloreaseguruak.com\/eu\/servicios\/","og_site_name":"Eguzkilore Aseguruak","article_modified_time":"2025-02-27T15:25:05+00:00","twitter_card":"summary_large_image","twitter_misc":{"Est. reading time":"1 minutua"},"schema":{"@context":"https:\/\/schema.org","@graph":[{"@type":"WebPage","@id":"https:\/\/eguzkiloreaseguruak.com\/servicios\/","url":"https:\/\/eguzkiloreaseguruak.com\/servicios\/","name":"Servicios - Eguzkilore Aseguruak","isPartOf":{"@id":"https:\/\/eguzkiloreaseguruak.com\/#website"},"datePublished":"2024-09-20T11:50:15+00:00","dateModified":"2025-02-27T15:25:05+00:00","breadcrumb":{"@id":"https:\/\/eguzkiloreaseguruak.com\/servicios\/#breadcrumb"},"inLanguage":"eu","potentialAction":[{"@type":"ReadAction","target":["https:\/\/eguzkiloreaseguruak.com\/servicios\/"]}]},{"@type":"BreadcrumbList","@id":"https:\/\/eguzkiloreaseguruak.com\/servicios\/#breadcrumb","itemListElement":[{"@type":"ListItem","position":1,"name":"Portada","item":"https:\/\/eguzkiloreaseguruak.com\/"},{"@type":"ListItem","position":2,"name":"Servicios"}]},{"@type":"WebSite","@id":"https:\/\/eguzkiloreaseguruak.com\/#website","url":"https:\/\/eguzkiloreaseguruak.com\/","name":"Eguzkilore Aseguruak","description":"Seguros patrimoniales, personales y de inversi\u00f3n.","publisher":{"@id":"https:\/\/eguzkiloreaseguruak.com\/#organization"},"potentialAction":[{"@type":"SearchAction","target":{"@type":"EntryPoint","urlTemplate":"https:\/\/eguzkiloreaseguruak.com\/?s={search_term_string}"},"query-input":{"@type":"PropertyValueSpecification","valueRequired":true,"valueName":"search_term_string"}}],"inLanguage":"eu"},{"@type":"Organization","@id":"https:\/\/eguzkiloreaseguruak.com\/#organization","name":"Eguzkilore Aseguruak","url":"https:\/\/eguzkiloreaseguruak.com\/","logo":{"@type":"ImageObject","inLanguage":"eu","@id":"https:\/\/eguzkiloreaseguruak.com\/#\/schema\/logo\/image\/","url":"https:\/\/eguzkiloreaseguruak.com\/wp-content\/uploads\/2025\/02\/cropped-01_mgs_com_lgo1_2t_pos.png","contentUrl":"https:\/\/eguzkiloreaseguruak.com\/wp-content\/uploads\/2025\/02\/cropped-01_mgs_com_lgo1_2t_pos.png","width":425,"height":177,"caption":"Eguzkilore Aseguruak"},"image":{"@id":"https:\/\/eguzkiloreaseguruak.com\/#\/schema\/logo\/image\/"}}]}},"_links":{"self":[{"href":"https:\/\/eguzkiloreaseguruak.com\/eu\/wp-json\/wp\/v2\/pages\/30","targetHints":{"allow":["GET"]}}],"collection":[{"href":"https:\/\/eguzkiloreaseguruak.com\/eu\/wp-json\/wp\/v2\/pages"}],"about":[{"href":"https:\/\/eguzkiloreaseguruak.com\/eu\/wp-json\/wp\/v2\/types\/page"}],"author":[{"embeddable":true,"href":"https:\/\/eguzkiloreaseguruak.com\/eu\/wp-json\/wp\/v2\/users\/4"}],"replies":[{"embeddable":true,"href":"https:\/\/eguzkiloreaseguruak.com\/eu\/wp-json\/wp\/v2\/comments?post=30"}],"version-history":[{"count":55,"href":"https:\/\/eguzkiloreaseguruak.com\/eu\/wp-json\/wp\/v2\/pages\/30\/revisions"}],"predecessor-version":[{"id":713,"href":"https:\/\/eguzkiloreaseguruak.com\/eu\/wp-json\/wp\/v2\/pages\/30\/revisions\/713"}],"wp:attachment":[{"href":"https:\/\/eguzkiloreaseguruak.com\/eu\/wp-json\/wp\/v2\/media?parent=30"}],"curies":[{"name":"wp","href":"https:\/\/api.w.org\/{rel}","templated":true}]}}