{"id":2,"date":"2024-09-20T11:16:08","date_gmt":"2024-09-20T11:16:08","guid":{"rendered":"https:\/\/carpinteriaartetxe.rkinformatika.online\/?page_id=2"},"modified":"2025-03-10T09:16:43","modified_gmt":"2025-03-10T09:16:43","slug":"inicio","status":"publish","type":"page","link":"https:\/\/eguzkiloreaseguruak.com\/eu\/","title":{"rendered":"Hasiera"},"content":{"rendered":"<div data-elementor-type=\"wp-page\" data-elementor-id=\"2\" class=\"elementor elementor-2\" data-elementor-post-type=\"page\">\n\t\t\t\t<div class=\"elementor-element elementor-element-99bfd16 e-con-full e-flex e-con e-parent\" data-id=\"99bfd16\" data-element_type=\"container\" data-e-type=\"container\" data-settings=\"{&quot;background_background&quot;:&quot;classic&quot;}\">\n\t\t\t\t<div class=\"elementor-element elementor-element-8e04ce6 elementor-widget elementor-widget-heading\" data-id=\"8e04ce6\" data-element_type=\"widget\" data-e-type=\"widget\" data-widget_type=\"heading.default\">\n\t\t\t\t<div class=\"elementor-widget-container\">\n\t\t\t\t\t<h2 class=\"elementor-heading-title elementor-size-default\">Eguzkilore Aseguruak<\/h2>\t\t\t\t<\/div>\n\t\t\t\t<\/div>\n\t\t\t\t<\/div>\n\t\t<div class=\"elementor-element elementor-element-bf3e05e e-flex e-con-boxed e-con e-parent\" data-id=\"bf3e05e\" data-element_type=\"container\" data-e-type=\"container\" data-settings=\"{&quot;background_background&quot;:&quot;classic&quot;}\">\n\t\t\t\t\t<div class=\"e-con-inner\">\n\t\t\t\t<div class=\"elementor-element elementor-element-02eb153 elementor-widget elementor-widget-heading\" data-id=\"02eb153\" data-element_type=\"widget\" data-e-type=\"widget\" data-widget_type=\"heading.default\">\n\t\t\t\t<div class=\"elementor-widget-container\">\n\t\t\t\t\t<h2 class=\"elementor-heading-title elementor-size-default\">Babestu gehien axola duena estaldurarik onenekin.<\/h2>\t\t\t\t<\/div>\n\t\t\t\t<\/div>\n\t\t\t\t\t<\/div>\n\t\t\t\t<\/div>\n\t\t<div class=\"elementor-element elementor-element-86dc876 e-flex e-con-boxed e-con e-parent\" data-id=\"86dc876\" data-element_type=\"container\" data-e-type=\"container\">\n\t\t\t\t\t<div class=\"e-con-inner\">\n\t\t<div class=\"elementor-element elementor-element-7e47aad e-con-full e-flex e-con e-child\" data-id=\"7e47aad\" data-element_type=\"container\" data-e-type=\"container\" data-settings=\"{&quot;background_background&quot;:&quot;classic&quot;}\">\n\t\t\t\t<\/div>\n\t\t<div class=\"elementor-element elementor-element-e54591e e-con-full e-flex e-con e-child\" data-id=\"e54591e\" data-element_type=\"container\" data-e-type=\"container\">\n\t\t\t\t<div class=\"elementor-element elementor-element-54c724a elementor-widget__width-initial elementor-widget elementor-widget-heading\" data-id=\"54c724a\" data-element_type=\"widget\" data-e-type=\"widget\" data-widget_type=\"heading.default\">\n\t\t\t\t<div class=\"elementor-widget-container\">\n\t\t\t\t\t<h2 class=\"elementor-heading-title elementor-size-default\">Guri Buruz<\/h2>\t\t\t\t<\/div>\n\t\t\t\t<\/div>\n\t\t\t\t<div class=\"elementor-element elementor-element-7278379 elementor-widget elementor-widget-text-editor\" data-id=\"7278379\" data-element_type=\"widget\" data-e-type=\"widget\" data-widget_type=\"text-editor.default\">\n\t\t\t\t<div class=\"elementor-widget-container\">\n\t\t\t\t\t\t\t\t\t<p>Aseguruen sektorean 20 urte baino gehiagoko esperientzia dugunez, Eguzkilore Aseguruaken partikularrentzako eta enpresentzako aseguruen auditoretzan, kontratazioan eta kudeaketan espezializatzen gara, premia bakoitzera egokitutako soluzio pertsonalizatuak eskainiz. Gure konpromisoa da zerbitzu integrala ematea, zure egungo polizak aztertuz eta optimizatuz, asegururik egokiena kontratatzeko aholkuak emanez eta zure estaldura guztiak kudeatuz, kezkatu beharrik izan ez dezazun.<\/p><p>Ondare aseguru, aseguru pertsonal eta inbertsio aseguru sorta zabala eskaintzen dugu, etxe, automobil, denda eta industrietarako polizak barne, baita osasun, bizitza, istripu eta mendekotasun aseguruak ere. Gainera, aurrezki eta inbertsio aukerak ditugu, etorkizunean zure finantza egonkortasuna bermatzeko diseinatuta.<\/p>\t\t\t\t\t\t\t\t<\/div>\n\t\t\t\t<\/div>\n\t\t\t\t<\/div>\n\t\t\t\t\t<\/div>\n\t\t\t\t<\/div>\n\t\t<div class=\"elementor-element elementor-element-2a4b02b e-flex e-con-boxed e-con e-parent\" data-id=\"2a4b02b\" data-element_type=\"container\" data-e-type=\"container\" data-settings=\"{&quot;background_background&quot;:&quot;classic&quot;}\">\n\t\t\t\t\t<div class=\"e-con-inner\">\n\t\t\t\t<div class=\"elementor-element elementor-element-f491092 elementor-widget elementor-widget-heading\" data-id=\"f491092\" data-element_type=\"widget\" data-e-type=\"widget\" data-widget_type=\"heading.default\">\n\t\t\t\t<div class=\"elementor-widget-container\">\n\t\t\t\t\t<h2 class=\"elementor-heading-title elementor-size-default\">Arreta pertsonalizatua eta hurbila.<\/h2>\t\t\t\t<\/div>\n\t\t\t\t<\/div>\n\t\t\t\t\t<\/div>\n\t\t\t\t<\/div>\n\t\t<div class=\"elementor-element elementor-element-7cebc4d e-flex e-con-boxed e-con e-parent\" data-id=\"7cebc4d\" data-element_type=\"container\" data-e-type=\"container\">\n\t\t\t\t\t<div class=\"e-con-inner\">\n\t\t<div class=\"elementor-element elementor-element-da8c9a0 e-con-full e-flex e-con e-child\" data-id=\"da8c9a0\" data-element_type=\"container\" data-e-type=\"container\">\n\t\t\t\t<div class=\"elementor-element elementor-element-8478fb5 elementor-widget elementor-widget-heading\" data-id=\"8478fb5\" data-element_type=\"widget\" data-e-type=\"widget\" data-widget_type=\"heading.default\">\n\t\t\t\t<div class=\"elementor-widget-container\">\n\t\t\t\t\t<h2 class=\"elementor-heading-title elementor-size-default\">Protecci\u00f3n para ti y tu empresa.<\/h2>\t\t\t\t<\/div>\n\t\t\t\t<\/div>\n\t\t\t\t<div class=\"elementor-element elementor-element-149f602 elementor-widget elementor-widget-text-editor\" data-id=\"149f602\" data-element_type=\"widget\" data-e-type=\"widget\" data-widget_type=\"text-editor.default\">\n\t\t\t\t<div class=\"elementor-widget-container\">\n\t\t\t\t\t\t\t\t\t<p>Non <strong data-start=\"92\" data-end=\"116\">Eguzkilore Aseguruak<\/strong>Zure beharretara egokitutako aseguru-soluzioak eskaintzen ditugu:<\/p><p><br data-start=\"180\" data-end=\"183\" \/>\u2714 <strong data-start=\"185\" data-end=\"210\">Ondare-aseguruak<\/strong> (etxea, autoa, merkataritza, industria).<br data-start=\"246\" data-end=\"249\" \/>\u2714 <strong data-start=\"251\" data-end=\"273\">Aseguru pertsonalak<\/strong> (bizitza, osasuna, istripuak, mendekotasuna).<br data-start=\"313\" data-end=\"316\" \/>\u2714 <strong data-start=\"318\" data-end=\"351\">Inbertsio eta aurrezki aseguruak<\/strong> zure finantza-egonkortasunerako.<\/p>\t\t\t\t\t\t\t\t<\/div>\n\t\t\t\t<\/div>\n\t\t\t\t<div class=\"elementor-element elementor-element-04a06b0 elementor-align-center elementor-widget elementor-widget-button\" data-id=\"04a06b0\" data-element_type=\"widget\" data-e-type=\"widget\" data-widget_type=\"button.default\">\n\t\t\t\t<div class=\"elementor-widget-container\">\n\t\t\t\t\t\t\t\t\t<div class=\"elementor-button-wrapper\">\n\t\t\t\t\t<a class=\"elementor-button elementor-button-link elementor-size-sm\" href=\"https:\/\/eguzkiloreaseguruak.com\/eu\/servicios\/\">\n\t\t\t\t\t\t<span class=\"elementor-button-content-wrapper\">\n\t\t\t\t\t\t\t\t\t<span class=\"elementor-button-text\">Zerbitzuak<\/span>\n\t\t\t\t\t<\/span>\n\t\t\t\t\t<\/a>\n\t\t\t\t<\/div>\n\t\t\t\t\t\t\t\t<\/div>\n\t\t\t\t<\/div>\n\t\t\t\t<\/div>\n\t\t<div class=\"elementor-element elementor-element-84999c6 e-con-full e-flex e-con e-child\" data-id=\"84999c6\" data-element_type=\"container\" data-e-type=\"container\" data-settings=\"{&quot;background_background&quot;:&quot;classic&quot;}\">\n\t\t\t\t<\/div>\n\t\t\t\t\t<\/div>\n\t\t\t\t<\/div>\n\t\t\t\t<\/div>","protected":false},"excerpt":{"rendered":"<p>Eguzkilore Aseguruak Protege lo que m\u00e1s importa con las mejores coberturas. Sobre Nosotros Con m\u00e1s de 20 a\u00f1os de experiencia en el sector asegurador, en Eguzkilore Aseguruak nos especializamos en la auditor\u00eda, contrataci\u00f3n y gesti\u00f3n de seguros para particulares y empresas, ofreciendo soluciones personalizadas y adaptadas a cada necesidad. Nuestro compromiso es brindarte un servicio [&hellip;]<\/p>\n","protected":false},"author":4,"featured_media":0,"parent":0,"menu_order":0,"comment_status":"closed","ping_status":"closed","template":"","meta":{"footnotes":""},"class_list":["post-2","page","type-page","status-publish","hentry"],"yoast_head":"<!-- This site is optimized with the Yoast SEO plugin v27.5 - https:\/\/yoast.com\/product\/yoast-seo-wordpress\/ -->\n<title>Inicio - Eguzkilore Aseguruak<\/title>\n<meta name=\"robots\" content=\"index, follow, max-snippet:-1, max-image-preview:large, max-video-preview:-1\" \/>\n<link rel=\"canonical\" href=\"https:\/\/eguzkiloreaseguruak.com\/eu\/\" \/>\n<meta property=\"og:locale\" content=\"en_US\" \/>\n<meta property=\"og:type\" content=\"article\" \/>\n<meta property=\"og:title\" content=\"Inicio - Eguzkilore Aseguruak\" \/>\n<meta property=\"og:description\" content=\"Eguzkilore Aseguruak Protege lo que m\u00e1s importa con las mejores coberturas. Sobre Nosotros Con m\u00e1s de 20 a\u00f1os de experiencia en el sector asegurador, en Eguzkilore Aseguruak nos especializamos en la auditor\u00eda, contrataci\u00f3n y gesti\u00f3n de seguros para particulares y empresas, ofreciendo soluciones personalizadas y adaptadas a cada necesidad. Nuestro compromiso es brindarte un servicio [&hellip;]\" \/>\n<meta property=\"og:url\" content=\"https:\/\/eguzkiloreaseguruak.com\/eu\/\" \/>\n<meta property=\"og:site_name\" content=\"Eguzkilore Aseguruak\" \/>\n<meta property=\"article:modified_time\" content=\"2025-03-10T09:16:43+00:00\" \/>\n<meta name=\"twitter:card\" content=\"summary_large_image\" \/>\n<meta name=\"twitter:label1\" content=\"Est. reading time\" \/>\n\t<meta name=\"twitter:data1\" content=\"1 minutua\" \/>\n<script type=\"application\/ld+json\" class=\"yoast-schema-graph\">{\"@context\":\"https:\\\/\\\/schema.org\",\"@graph\":[{\"@type\":\"WebPage\",\"@id\":\"https:\\\/\\\/eguzkiloreaseguruak.com\\\/\",\"url\":\"https:\\\/\\\/eguzkiloreaseguruak.com\\\/\",\"name\":\"Inicio - Eguzkilore Aseguruak\",\"isPartOf\":{\"@id\":\"https:\\\/\\\/eguzkiloreaseguruak.com\\\/#website\"},\"datePublished\":\"2024-09-20T11:16:08+00:00\",\"dateModified\":\"2025-03-10T09:16:43+00:00\",\"breadcrumb\":{\"@id\":\"https:\\\/\\\/eguzkiloreaseguruak.com\\\/#breadcrumb\"},\"inLanguage\":\"eu\",\"potentialAction\":[{\"@type\":\"ReadAction\",\"target\":[\"https:\\\/\\\/eguzkiloreaseguruak.com\\\/\"]}]},{\"@type\":\"BreadcrumbList\",\"@id\":\"https:\\\/\\\/eguzkiloreaseguruak.com\\\/#breadcrumb\",\"itemListElement\":[{\"@type\":\"ListItem\",\"position\":1,\"name\":\"Portada\",\"item\":\"https:\\\/\\\/eguzkiloreaseguruak.com\\\/\"},{\"@type\":\"ListItem\",\"position\":2,\"name\":\"Inicio\"}]},{\"@type\":\"WebSite\",\"@id\":\"https:\\\/\\\/eguzkiloreaseguruak.com\\\/#website\",\"url\":\"https:\\\/\\\/eguzkiloreaseguruak.com\\\/\",\"name\":\"Eguzkilore Aseguruak\",\"description\":\"Seguros patrimoniales, personales y de inversi\u00f3n.\",\"publisher\":{\"@id\":\"https:\\\/\\\/eguzkiloreaseguruak.com\\\/#organization\"},\"potentialAction\":[{\"@type\":\"SearchAction\",\"target\":{\"@type\":\"EntryPoint\",\"urlTemplate\":\"https:\\\/\\\/eguzkiloreaseguruak.com\\\/?s={search_term_string}\"},\"query-input\":{\"@type\":\"PropertyValueSpecification\",\"valueRequired\":true,\"valueName\":\"search_term_string\"}}],\"inLanguage\":\"eu\"},{\"@type\":\"Organization\",\"@id\":\"https:\\\/\\\/eguzkiloreaseguruak.com\\\/#organization\",\"name\":\"Eguzkilore Aseguruak\",\"url\":\"https:\\\/\\\/eguzkiloreaseguruak.com\\\/\",\"logo\":{\"@type\":\"ImageObject\",\"inLanguage\":\"eu\",\"@id\":\"https:\\\/\\\/eguzkiloreaseguruak.com\\\/#\\\/schema\\\/logo\\\/image\\\/\",\"url\":\"https:\\\/\\\/eguzkiloreaseguruak.com\\\/wp-content\\\/uploads\\\/2025\\\/02\\\/cropped-01_mgs_com_lgo1_2t_pos.png\",\"contentUrl\":\"https:\\\/\\\/eguzkiloreaseguruak.com\\\/wp-content\\\/uploads\\\/2025\\\/02\\\/cropped-01_mgs_com_lgo1_2t_pos.png\",\"width\":425,\"height\":177,\"caption\":\"Eguzkilore Aseguruak\"},\"image\":{\"@id\":\"https:\\\/\\\/eguzkiloreaseguruak.com\\\/#\\\/schema\\\/logo\\\/image\\\/\"}}]}<\/script>\n<!-- \/ Yoast SEO plugin. -->","yoast_head_json":{"title":"Inicio - Eguzkilore Aseguruak","robots":{"index":"index","follow":"follow","max-snippet":"max-snippet:-1","max-image-preview":"max-image-preview:large","max-video-preview":"max-video-preview:-1"},"canonical":"https:\/\/eguzkiloreaseguruak.com\/eu\/","og_locale":"en_US","og_type":"article","og_title":"Inicio - Eguzkilore Aseguruak","og_description":"Eguzkilore Aseguruak Protege lo que m\u00e1s importa con las mejores coberturas. Sobre Nosotros Con m\u00e1s de 20 a\u00f1os de experiencia en el sector asegurador, en Eguzkilore Aseguruak nos especializamos en la auditor\u00eda, contrataci\u00f3n y gesti\u00f3n de seguros para particulares y empresas, ofreciendo soluciones personalizadas y adaptadas a cada necesidad. Nuestro compromiso es brindarte un servicio [&hellip;]","og_url":"https:\/\/eguzkiloreaseguruak.com\/eu\/","og_site_name":"Eguzkilore Aseguruak","article_modified_time":"2025-03-10T09:16:43+00:00","twitter_card":"summary_large_image","twitter_misc":{"Est. reading time":"1 minutua"},"schema":{"@context":"https:\/\/schema.org","@graph":[{"@type":"WebPage","@id":"https:\/\/eguzkiloreaseguruak.com\/","url":"https:\/\/eguzkiloreaseguruak.com\/","name":"Inicio - Eguzkilore Aseguruak","isPartOf":{"@id":"https:\/\/eguzkiloreaseguruak.com\/#website"},"datePublished":"2024-09-20T11:16:08+00:00","dateModified":"2025-03-10T09:16:43+00:00","breadcrumb":{"@id":"https:\/\/eguzkiloreaseguruak.com\/#breadcrumb"},"inLanguage":"eu","potentialAction":[{"@type":"ReadAction","target":["https:\/\/eguzkiloreaseguruak.com\/"]}]},{"@type":"BreadcrumbList","@id":"https:\/\/eguzkiloreaseguruak.com\/#breadcrumb","itemListElement":[{"@type":"ListItem","position":1,"name":"Portada","item":"https:\/\/eguzkiloreaseguruak.com\/"},{"@type":"ListItem","position":2,"name":"Inicio"}]},{"@type":"WebSite","@id":"https:\/\/eguzkiloreaseguruak.com\/#website","url":"https:\/\/eguzkiloreaseguruak.com\/","name":"Eguzkilore Aseguruak","description":"Seguros patrimoniales, personales y de inversi\u00f3n.","publisher":{"@id":"https:\/\/eguzkiloreaseguruak.com\/#organization"},"potentialAction":[{"@type":"SearchAction","target":{"@type":"EntryPoint","urlTemplate":"https:\/\/eguzkiloreaseguruak.com\/?s={search_term_string}"},"query-input":{"@type":"PropertyValueSpecification","valueRequired":true,"valueName":"search_term_string"}}],"inLanguage":"eu"},{"@type":"Organization","@id":"https:\/\/eguzkiloreaseguruak.com\/#organization","name":"Eguzkilore Aseguruak","url":"https:\/\/eguzkiloreaseguruak.com\/","logo":{"@type":"ImageObject","inLanguage":"eu","@id":"https:\/\/eguzkiloreaseguruak.com\/#\/schema\/logo\/image\/","url":"https:\/\/eguzkiloreaseguruak.com\/wp-content\/uploads\/2025\/02\/cropped-01_mgs_com_lgo1_2t_pos.png","contentUrl":"https:\/\/eguzkiloreaseguruak.com\/wp-content\/uploads\/2025\/02\/cropped-01_mgs_com_lgo1_2t_pos.png","width":425,"height":177,"caption":"Eguzkilore Aseguruak"},"image":{"@id":"https:\/\/eguzkiloreaseguruak.com\/#\/schema\/logo\/image\/"}}]}},"_links":{"self":[{"href":"https:\/\/eguzkiloreaseguruak.com\/eu\/wp-json\/wp\/v2\/pages\/2","targetHints":{"allow":["GET"]}}],"collection":[{"href":"https:\/\/eguzkiloreaseguruak.com\/eu\/wp-json\/wp\/v2\/pages"}],"about":[{"href":"https:\/\/eguzkiloreaseguruak.com\/eu\/wp-json\/wp\/v2\/types\/page"}],"author":[{"embeddable":true,"href":"https:\/\/eguzkiloreaseguruak.com\/eu\/wp-json\/wp\/v2\/users\/4"}],"replies":[{"embeddable":true,"href":"https:\/\/eguzkiloreaseguruak.com\/eu\/wp-json\/wp\/v2\/comments?post=2"}],"version-history":[{"count":233,"href":"https:\/\/eguzkiloreaseguruak.com\/eu\/wp-json\/wp\/v2\/pages\/2\/revisions"}],"predecessor-version":[{"id":718,"href":"https:\/\/eguzkiloreaseguruak.com\/eu\/wp-json\/wp\/v2\/pages\/2\/revisions\/718"}],"wp:attachment":[{"href":"https:\/\/eguzkiloreaseguruak.com\/eu\/wp-json\/wp\/v2\/media?parent=2"}],"curies":[{"name":"wp","href":"https:\/\/api.w.org\/{rel}","templated":true}]}}